{"id":145,"date":"2020-08-17T19:38:50","date_gmt":"2020-08-17T17:38:50","guid":{"rendered":"http:\/\/testseite.frauenprojekt.at\/?page_id=145"},"modified":"2024-05-08T09:53:58","modified_gmt":"2024-05-08T07:53:58","slug":"buegelservice","status":"publish","type":"page","link":"https:\/\/www.frauenprojekt.at\/testseite\/ueber-uns\/buegelservice\/","title":{"rendered":"B\u00fcgelservice"},"content":{"rendered":"\n<p>B\u00fcgeln kann eine sehr l\u00e4stige und zeitintensive Aufgabe sein. Wenn Sie die Zeit lieber anders nutzen m\u00f6chten, k\u00f6nnen Sie unseren B\u00fcgelservice in Anspruch nehmen. Wir erledigen gerne Ihren B\u00fcgelauftrag. Bei Bedarf ist eine Abholung und Zustellung im Raum Hollabrunn auch m\u00f6glich.<\/p>\n\n\n\n<p>Beim B\u00fcgeln werden Textilien (Haushaltsw\u00e4sche) mithilfe von Hitze, Druck und Feuchtigkeit gegl\u00e4ttet. F\u00fcr das B\u00fcgeln verwenden wir je nach Kleidungsst\u00fcck ein gew\u00f6hnliches Dampfb\u00fcgeleisen oder die Dampfb\u00fcgelstation. F\u00fcr ein angenehmes B\u00fcgeln haben wir einen hellen und gut eingerichteten Arbeitsplatz.<\/p>\n\n\n\n<p>Unsere Kunden bekommen pro 10 kg B\u00fcgelw\u00e4sche 1 kg gratis (eine B\u00fcgelkarte wird ausgeh\u00e4ndigt).<br><a rel=\"noreferrer noopener\" href=\"https:\/\/www.frauenprojekt.at\/wp-content\/uploads\/2021\/10\/Buegelservice-Preisliste.pdf\" target=\"_blank\">Download <\/a><a href=\"https:\/\/www.frauenprojekt.at\/wp-content\/uploads\/2024\/05\/Buegelservice-Preisliste-ab-2024-KUNDEN.pdf\">Preisliste<\/a><\/p>\n","protected":false},"excerpt":{"rendered":"<p>B\u00fcgeln kann eine sehr l\u00e4stige und zeitintensive Aufgabe sein. Wenn Sie die Zeit lieber anders nutzen m\u00f6chten, k\u00f6nnen Sie unseren B\u00fcgelservice in Anspruch nehmen. Wir erledigen gerne Ihren B\u00fcgelauftrag. Bei Bedarf ist eine Abholung und Zustellung im Raum Hollabrunn auch m\u00f6glich. Beim B\u00fcgeln werden Textilien (Haushaltsw\u00e4sche) mithilfe von Hitze, Druck und Feuchtigkeit gegl\u00e4ttet. F\u00fcr das [&hellip;]<\/p>\n","protected":false},"author":1,"featured_media":0,"parent":75,"menu_order":0,"comment_status":"closed","ping_status":"closed","template":"","meta":{"footnotes":""},"class_list":["post-145","page","type-page","status-publish","hentry"],"jetpack_sharing_enabled":true,"_links":{"self":[{"href":"https:\/\/www.frauenprojekt.at\/testseite\/wp-json\/wp\/v2\/pages\/145","targetHints":{"allow":["GET"]}}],"collection":[{"href":"https:\/\/www.frauenprojekt.at\/testseite\/wp-json\/wp\/v2\/pages"}],"about":[{"href":"https:\/\/www.frauenprojekt.at\/testseite\/wp-json\/wp\/v2\/types\/page"}],"author":[{"embeddable":true,"href":"https:\/\/www.frauenprojekt.at\/testseite\/wp-json\/wp\/v2\/users\/1"}],"replies":[{"embeddable":true,"href":"https:\/\/www.frauenprojekt.at\/testseite\/wp-json\/wp\/v2\/comments?post=145"}],"version-history":[{"count":10,"href":"https:\/\/www.frauenprojekt.at\/testseite\/wp-json\/wp\/v2\/pages\/145\/revisions"}],"predecessor-version":[{"id":3949,"href":"https:\/\/www.frauenprojekt.at\/testseite\/wp-json\/wp\/v2\/pages\/145\/revisions\/3949"}],"up":[{"embeddable":true,"href":"https:\/\/www.frauenprojekt.at\/testseite\/wp-json\/wp\/v2\/pages\/75"}],"wp:attachment":[{"href":"https:\/\/www.frauenprojekt.at\/testseite\/wp-json\/wp\/v2\/media?parent=145"}],"curies":[{"name":"wp","href":"https:\/\/api.w.org\/{rel}","templated":true}]}}