{"id":2,"date":"2020-07-28T12:42:06","date_gmt":"2020-07-28T10:42:06","guid":{"rendered":"http:\/\/testseite.frauenprojekt.at\/?page_id=2"},"modified":"2022-03-31T10:35:48","modified_gmt":"2022-03-31T08:35:48","slug":"leitbild","status":"publish","type":"page","link":"https:\/\/www.frauenprojekt.at\/testseite\/leitbild\/","title":{"rendered":"Leitbild"},"content":{"rendered":"\n<p>Der gemeinn\u00fctziger Verein Luna unterst\u00fctzt seit dem Jahr 2000 im Auftrag des AMS N\u00d6 und Land N\u00d6 langzeitarbeitslose Frauen dabei, wieder am Arbeitsmarkt Fuss zu fassen und ein unabh\u00e4ngiges, selbstbestimmtes und chancengleiches Leben zu f\u00fchren.<\/p>\n\n\n\n<p>Zu diesem Zweck bieten wir als Besch\u00e4ftigungsprojekt Praktika und befristete Dienstverh\u00e4ltnisse von bis zu 6 Monaten an. W\u00e4hrend dieser Zeit unterst\u00fctzt unser multiprofessionelles Team die Transitmitarbeiterinnen bei der Stabilisierung ihrer pers\u00f6nlichen Lebensumst\u00e4nde und bei der Erarbeitung neuer Perspektiven. Unsere Arbeitsweise ist gepr\u00e4gt durch einen wertsch\u00e4tzenden Umgang untereinander sowie die F\u00f6rderung von Diversit\u00e4t und Gleichstellung. Wir m\u00f6chten die Vereinbarkeit von Familie und Beruf unterst\u00fctzen und wissen um die Entwicklungsf\u00e4higkeit jeder Frau, gleichzeitig akzeptieren wir auch individuelle Grenzen.<\/p>\n\n\n\n<p>Ausgebildete Fachanleiterinnen qualifizieren die Mitarbeiterinnen in unseren Arbeitsbereichen Schneiderei, Kulinarik und Garten sowie B\u00fcgel- und Reinigungsservice. Vorhandene F\u00e4higkeiten werden gefestigt und neue Kenntnisse erworben. Neben der praxisorientierten Arbeit tragen interne und externe Weiterbildungen und Schulungen dazu bei, einen Wiedereinstieg am Arbeitsmarkt zu realisieren.<\/p>\n\n\n\n<p>Im Rahmen der sozialp\u00e4dagogischen Betreuung werden der individuelle Unterst\u00fctzungsbedarf erhoben und gemeinsam L\u00f6sungswege erarbeitet.<\/p>\n\n\n\n<p>Die Outplacerin hilft der Stellensuchenden bei der Analyse und Bestandsaufnahme, erstellt gemeinsam mit ihr ein Qualifikationsprofil und erarbeitet eine individuelle Bewerbungsstrategie sowie aussagekr\u00e4ftige Bewerbungsunterlagen.<\/p>\n\n\n\n<p>Luna sieht sich als wichtigen Bestandteil der Gesellschaft und als Teil der Sozialwirtschaft. Wir sind um eine enge Vernetzung mit Wirtschaftsbetrieben und sozialen Partnern stets bem\u00fcht.<\/p>\n\n\n\n<p><\/p>\n","protected":false},"excerpt":{"rendered":"<p>Der gemeinn\u00fctziger Verein Luna unterst\u00fctzt seit dem Jahr 2000 im Auftrag des AMS N\u00d6 und Land N\u00d6 langzeitarbeitslose Frauen dabei, wieder am Arbeitsmarkt Fuss zu fassen und ein unabh\u00e4ngiges, selbstbestimmtes und chancengleiches Leben zu f\u00fchren. Zu diesem Zweck bieten wir als Besch\u00e4ftigungsprojekt Praktika und befristete Dienstverh\u00e4ltnisse von bis zu 6 Monaten an. W\u00e4hrend dieser Zeit [&hellip;]<\/p>\n","protected":false},"author":1,"featured_media":0,"parent":0,"menu_order":0,"comment_status":"closed","ping_status":"closed","template":"","meta":{"footnotes":""},"class_list":["post-2","page","type-page","status-publish","hentry"],"jetpack_sharing_enabled":true,"_links":{"self":[{"href":"https:\/\/www.frauenprojekt.at\/testseite\/wp-json\/wp\/v2\/pages\/2","targetHints":{"allow":["GET"]}}],"collection":[{"href":"https:\/\/www.frauenprojekt.at\/testseite\/wp-json\/wp\/v2\/pages"}],"about":[{"href":"https:\/\/www.frauenprojekt.at\/testseite\/wp-json\/wp\/v2\/types\/page"}],"author":[{"embeddable":true,"href":"https:\/\/www.frauenprojekt.at\/testseite\/wp-json\/wp\/v2\/users\/1"}],"replies":[{"embeddable":true,"href":"https:\/\/www.frauenprojekt.at\/testseite\/wp-json\/wp\/v2\/comments?post=2"}],"version-history":[{"count":10,"href":"https:\/\/www.frauenprojekt.at\/testseite\/wp-json\/wp\/v2\/pages\/2\/revisions"}],"predecessor-version":[{"id":814,"href":"https:\/\/www.frauenprojekt.at\/testseite\/wp-json\/wp\/v2\/pages\/2\/revisions\/814"}],"wp:attachment":[{"href":"https:\/\/www.frauenprojekt.at\/testseite\/wp-json\/wp\/v2\/media?parent=2"}],"curies":[{"name":"wp","href":"https:\/\/api.w.org\/{rel}","templated":true}]}}