{"id":288,"date":"2020-09-14T20:13:45","date_gmt":"2020-09-14T18:13:45","guid":{"rendered":"http:\/\/testseite.frauenprojekt.at\/?page_id=288"},"modified":"2020-09-14T20:19:57","modified_gmt":"2020-09-14T18:19:57","slug":"video","status":"publish","type":"page","link":"https:\/\/www.frauenprojekt.at\/testseite\/video\/","title":{"rendered":"Video"},"content":{"rendered":"\n<p>Zur Verleihung des Nestor<sup>GOLD<\/sup> G\u00fctesiegels f\u00fcr altersgerechtes Arbeiten wurde vom Sozialministerium dieser Videofilm \u00fcber unsere Arbeit mit langzeitarbeitslosen Frauen erstellt.<\/p>\n\n\n\n<figure class=\"wp-block-embed-youtube wp-block-embed is-type-video is-provider-youtube wp-embed-aspect-16-9 wp-has-aspect-ratio\"><div class=\"wp-block-embed__wrapper\">\n<iframe loading=\"lazy\" title=\"NestorGOLD Luna\" width=\"980\" height=\"551\" src=\"https:\/\/www.youtube.com\/embed\/L3QBGElW6Vk?feature=oembed\" frameborder=\"0\" allow=\"accelerometer; autoplay; encrypted-media; gyroscope; picture-in-picture\" allowfullscreen><\/iframe>\n<\/div><\/figure>\n\n\n\n<p><\/p>\n","protected":false},"excerpt":{"rendered":"<p>Zur Verleihung des NestorGOLD G\u00fctesiegels f\u00fcr altersgerechtes Arbeiten wurde vom Sozialministerium dieser Videofilm \u00fcber unsere Arbeit mit langzeitarbeitslosen Frauen erstellt.<\/p>\n","protected":false},"author":1,"featured_media":0,"parent":0,"menu_order":0,"comment_status":"closed","ping_status":"closed","template":"","meta":{"footnotes":""},"class_list":["post-288","page","type-page","status-publish","hentry"],"jetpack_sharing_enabled":true,"_links":{"self":[{"href":"https:\/\/www.frauenprojekt.at\/testseite\/wp-json\/wp\/v2\/pages\/288","targetHints":{"allow":["GET"]}}],"collection":[{"href":"https:\/\/www.frauenprojekt.at\/testseite\/wp-json\/wp\/v2\/pages"}],"about":[{"href":"https:\/\/www.frauenprojekt.at\/testseite\/wp-json\/wp\/v2\/types\/page"}],"author":[{"embeddable":true,"href":"https:\/\/www.frauenprojekt.at\/testseite\/wp-json\/wp\/v2\/users\/1"}],"replies":[{"embeddable":true,"href":"https:\/\/www.frauenprojekt.at\/testseite\/wp-json\/wp\/v2\/comments?post=288"}],"version-history":[{"count":1,"href":"https:\/\/www.frauenprojekt.at\/testseite\/wp-json\/wp\/v2\/pages\/288\/revisions"}],"predecessor-version":[{"id":289,"href":"https:\/\/www.frauenprojekt.at\/testseite\/wp-json\/wp\/v2\/pages\/288\/revisions\/289"}],"wp:attachment":[{"href":"https:\/\/www.frauenprojekt.at\/testseite\/wp-json\/wp\/v2\/media?parent=288"}],"curies":[{"name":"wp","href":"https:\/\/api.w.org\/{rel}","templated":true}]}}