{"id":73,"date":"2020-08-09T19:09:14","date_gmt":"2020-08-09T17:09:14","guid":{"rendered":"http:\/\/testseite.frauenprojekt.at\/?page_id=73"},"modified":"2025-11-04T11:01:19","modified_gmt":"2025-11-04T10:01:19","slug":"team","status":"publish","type":"page","link":"https:\/\/www.frauenprojekt.at\/testseite\/team\/","title":{"rendered":"Team"},"content":{"rendered":"\n<p><img loading=\"lazy\" decoding=\"async\" width=\"142\" height=\"142\" class=\"wp-image-425\" style=\"width: 142px;\" src=\"https:\/\/www.frauenprojekt.at\/wp-content\/uploads\/2020\/10\/gaby.jpg\" alt=\"\" srcset=\"https:\/\/www.frauenprojekt.at\/wp-content\/uploads\/2020\/10\/gaby.jpg 142w, https:\/\/www.frauenprojekt.at\/wp-content\/uploads\/2020\/10\/gaby-100x100.jpg 100w\" sizes=\"auto, (max-width: 142px) 100vw, 142px\" \/>Obfrau Gabriele Kyncl<\/p>\n\n\n\n<p><img loading=\"lazy\" decoding=\"async\" width=\"142\" height=\"142\" class=\"wp-image-445\" style=\"width: 142px;\" src=\"https:\/\/www.frauenprojekt.at\/wp-content\/uploads\/2020\/10\/schieder-hp.jpg\" alt=\"\" srcset=\"https:\/\/www.frauenprojekt.at\/wp-content\/uploads\/2020\/10\/schieder-hp.jpg 142w, https:\/\/www.frauenprojekt.at\/wp-content\/uploads\/2020\/10\/schieder-hp-100x100.jpg 100w\" sizes=\"auto, (max-width: 142px) 100vw, 142px\" \/>Obfrau Stellvertreter G\u00fcnter Schieder<\/p>\n\n\n\n<p>allgemeine Adresse: <a href=\"mailto:office@frauenprojekt.at\">office@frauenprojekt.at<\/a><\/p>\n\n\n\n<p>Adresse nur f\u00fcr elektronische Email Rechnungen (ohne Signatur, signierte E-Rechnungen k\u00f6nnen wir nicht akzeptieren): <a href=\"mailto:rechnung@frauenprojekt.at\">rechnung@frauenprojekt.at<\/a><\/p>\n\n\n\n<p>Telefon: 02952\/30520-0<br>Fax: 02952\/30520-40<\/p>\n\n\n\n<p><img loading=\"lazy\" decoding=\"async\" width=\"142\" height=\"142\" class=\"wp-image-426\" style=\"width: 142px;\" src=\"https:\/\/www.frauenprojekt.at\/wp-content\/uploads\/2020\/10\/cony-1.jpg\" alt=\"\" srcset=\"https:\/\/www.frauenprojekt.at\/wp-content\/uploads\/2020\/10\/cony-1.jpg 142w, https:\/\/www.frauenprojekt.at\/wp-content\/uploads\/2020\/10\/cony-1-100x100.jpg 100w\" sizes=\"auto, (max-width: 142px) 100vw, 142px\" \/><a href=\"mailto:k.haibl@frauenprojekt.at\">Kornelija Haibl<\/a>: Projektleitung (f\u00fcr Finanzen, Fuhrpark und Verwaltung), 02952\/30520<\/p>\n\n\n\n<p><img loading=\"lazy\" decoding=\"async\" width=\"142\" height=\"142\" class=\"wp-image-427\" style=\"width: 142px;\" src=\"https:\/\/www.frauenprojekt.at\/wp-content\/uploads\/2020\/10\/manfred.jpg\" alt=\"\" srcset=\"https:\/\/www.frauenprojekt.at\/wp-content\/uploads\/2020\/10\/manfred.jpg 142w, https:\/\/www.frauenprojekt.at\/wp-content\/uploads\/2020\/10\/manfred-100x100.jpg 100w\" sizes=\"auto, (max-width: 142px) 100vw, 142px\" \/><a href=\"mailto:m.weigel@frauenprojekt.at\">Manfred Weigel<\/a>: Projektleitung (f\u00fcr Personal, IT und Qualit\u00e4tsproze\u00df Management), 02952\/30520<\/p>\n\n\n\n<p><img loading=\"lazy\" decoding=\"async\" width=\"142\" height=\"142\" class=\"wp-image-428\" style=\"width: 142px;\" src=\"https:\/\/www.frauenprojekt.at\/wp-content\/uploads\/2020\/10\/elke.jpg\" alt=\"\" srcset=\"https:\/\/www.frauenprojekt.at\/wp-content\/uploads\/2020\/10\/elke.jpg 142w, https:\/\/www.frauenprojekt.at\/wp-content\/uploads\/2020\/10\/elke-100x100.jpg 100w\" sizes=\"auto, (max-width: 142px) 100vw, 142px\" \/><a href=\"mailto:e.bauer@frauenprojekt.at\">Elke Bauer<\/a>: Outplacement, 02952\/30520<\/p>\n\n\n\n<p><img loading=\"lazy\" decoding=\"async\" width=\"150\" height=\"191\" class=\"wp-image-4023\" style=\"width: 150px;\" src=\"https:\/\/www.frauenprojekt.at\/wp-content\/uploads\/2024\/08\/Foto-Monika-Nader.png\" alt=\"\"><a href=\"mailto:m.nader@frauenprojekt.at\">Monika Nader<\/a>: Personalentwicklung, 02952\/30520<\/p>\n\n\n\n<p><img loading=\"lazy\" decoding=\"async\" width=\"150\" height=\"168\" class=\"wp-image-4227\" style=\"width: 150px;\" src=\"https:\/\/www.frauenprojekt.at\/wp-content\/uploads\/2025\/11\/homepage.png\" alt=\"\" srcset=\"https:\/\/www.frauenprojekt.at\/wp-content\/uploads\/2025\/11\/homepage.png 638w, https:\/\/www.frauenprojekt.at\/wp-content\/uploads\/2025\/11\/homepage-267x300.png 267w, https:\/\/www.frauenprojekt.at\/wp-content\/uploads\/2025\/11\/homepage-600x673.png 600w\" sizes=\"auto, (max-width: 150px) 100vw, 150px\" \/><a href=\"mailto:b.fischer@frauenprojekt.at\">Barbara Fischer BA<\/a>: Sozialarbeit, 02952\/30520<\/p>\n\n\n\n<p><img loading=\"lazy\" decoding=\"async\" width=\"150\" height=\"150\" class=\"wp-image-4185\" style=\"width: 150px;\" src=\"https:\/\/www.frauenprojekt.at\/wp-content\/uploads\/2025\/09\/Sabine-FotoHP.jpg\" alt=\"\" srcset=\"https:\/\/www.frauenprojekt.at\/wp-content\/uploads\/2025\/09\/Sabine-FotoHP.jpg 259w, https:\/\/www.frauenprojekt.at\/wp-content\/uploads\/2025\/09\/Sabine-FotoHP-150x150.jpg 150w, https:\/\/www.frauenprojekt.at\/wp-content\/uploads\/2025\/09\/Sabine-FotoHP-100x100.jpg 100w\" sizes=\"auto, (max-width: 150px) 100vw, 150px\" \/><a href=\"mailto:s.arthaber@frauenprojekt.at\" data-type=\"mailto\">Sabine Arthaber<\/a>: Arbeitsanleitung Kulinarik\/Verkauf und Schulbuffet, 02952\/30520<\/p>\n\n\n\n<p><img loading=\"lazy\" decoding=\"async\" width=\"142\" height=\"142\" class=\"wp-image-430\" style=\"width: 142px;\" src=\"https:\/\/www.frauenprojekt.at\/wp-content\/uploads\/2020\/10\/silvia.w..jpg\" alt=\"\" srcset=\"https:\/\/www.frauenprojekt.at\/wp-content\/uploads\/2020\/10\/silvia.w..jpg 142w, https:\/\/www.frauenprojekt.at\/wp-content\/uploads\/2020\/10\/silvia.w.-100x100.jpg 100w\" sizes=\"auto, (max-width: 142px) 100vw, 142px\" \/><a href=\"mailto:s.wagner@frauenprojekt.at\">Silvia Wagner<\/a>: Arbeitsanleitung Kulinarik\/Garten und Produktion, 02952\/30520<\/p>\n\n\n\n<p><img loading=\"lazy\" decoding=\"async\" width=\"142\" height=\"142\" class=\"wp-image-431\" style=\"width: 142px;\" src=\"https:\/\/www.frauenprojekt.at\/wp-content\/uploads\/2020\/10\/dilyara.jpg\" alt=\"\" srcset=\"https:\/\/www.frauenprojekt.at\/wp-content\/uploads\/2020\/10\/dilyara.jpg 142w, https:\/\/www.frauenprojekt.at\/wp-content\/uploads\/2020\/10\/dilyara-100x100.jpg 100w\" sizes=\"auto, (max-width: 142px) 100vw, 142px\" \/><a href=\"mailto:d.kulagina@frauenprojekt.at\">Dilyara Kulagina<\/a>: Leitung Schneiderei, 02952\/30520<\/p>\n\n\n\n<p><img loading=\"lazy\" decoding=\"async\" width=\"150\" height=\"193\" class=\"wp-image-1485\" style=\"width: 150px;\" src=\"https:\/\/www.frauenprojekt.at\/wp-content\/uploads\/2022\/09\/Foto-Anita-Zoech.jpg\" alt=\"\" srcset=\"https:\/\/www.frauenprojekt.at\/wp-content\/uploads\/2022\/09\/Foto-Anita-Zoech.jpg 413w, https:\/\/www.frauenprojekt.at\/wp-content\/uploads\/2022\/09\/Foto-Anita-Zoech-233x300.jpg 233w\" sizes=\"auto, (max-width: 150px) 100vw, 150px\" \/><a href=\"mailto:c.reither@frauenprojekt.at\">Anita Z\u00f6ch<\/a>: Leitung Reinigung\/B\u00fcgeln, 02952\/30520<\/p>\n\n\n\n<p><img loading=\"lazy\" decoding=\"async\" width=\"142\" height=\"142\" class=\"wp-image-432\" style=\"width: 142px;\" src=\"https:\/\/www.frauenprojekt.at\/wp-content\/uploads\/2020\/10\/carina.jpg\" alt=\"\" srcset=\"https:\/\/www.frauenprojekt.at\/wp-content\/uploads\/2020\/10\/carina.jpg 142w, https:\/\/www.frauenprojekt.at\/wp-content\/uploads\/2020\/10\/carina-100x100.jpg 100w\" sizes=\"auto, (max-width: 142px) 100vw, 142px\" \/><a href=\"mailto:c.reither@frauenprojekt.at\">Carina Reither<\/a>: Arbeitsanleitung Reinigung\/B\u00fcgeln, AUVA Beauftragte, 02952\/30520<\/p>\n","protected":false},"excerpt":{"rendered":"<p>Obfrau Gabriele Kyncl Obfrau Stellvertreter G\u00fcnter Schieder allgemeine Adresse: office@frauenprojekt.at Adresse nur f\u00fcr elektronische Email Rechnungen (ohne Signatur, signierte E-Rechnungen k\u00f6nnen wir nicht akzeptieren): rechnung@frauenprojekt.at Telefon: 02952\/30520-0Fax: 02952\/30520-40 Kornelija Haibl: Projektleitung (f\u00fcr Finanzen, Fuhrpark und Verwaltung), 02952\/30520 Manfred Weigel: Projektleitung (f\u00fcr Personal, IT und Qualit\u00e4tsproze\u00df Management), 02952\/30520 Elke Bauer: Outplacement, 02952\/30520 Monika Nader: Personalentwicklung, 02952\/30520 [&hellip;]<\/p>\n","protected":false},"author":1,"featured_media":0,"parent":0,"menu_order":0,"comment_status":"closed","ping_status":"closed","template":"","meta":{"footnotes":""},"class_list":["post-73","page","type-page","status-publish","hentry"],"jetpack_sharing_enabled":true,"_links":{"self":[{"href":"https:\/\/www.frauenprojekt.at\/testseite\/wp-json\/wp\/v2\/pages\/73","targetHints":{"allow":["GET"]}}],"collection":[{"href":"https:\/\/www.frauenprojekt.at\/testseite\/wp-json\/wp\/v2\/pages"}],"about":[{"href":"https:\/\/www.frauenprojekt.at\/testseite\/wp-json\/wp\/v2\/types\/page"}],"author":[{"embeddable":true,"href":"https:\/\/www.frauenprojekt.at\/testseite\/wp-json\/wp\/v2\/users\/1"}],"replies":[{"embeddable":true,"href":"https:\/\/www.frauenprojekt.at\/testseite\/wp-json\/wp\/v2\/comments?post=73"}],"version-history":[{"count":24,"href":"https:\/\/www.frauenprojekt.at\/testseite\/wp-json\/wp\/v2\/pages\/73\/revisions"}],"predecessor-version":[{"id":4229,"href":"https:\/\/www.frauenprojekt.at\/testseite\/wp-json\/wp\/v2\/pages\/73\/revisions\/4229"}],"wp:attachment":[{"href":"https:\/\/www.frauenprojekt.at\/testseite\/wp-json\/wp\/v2\/media?parent=73"}],"curies":[{"name":"wp","href":"https:\/\/api.w.org\/{rel}","templated":true}]}}