{"id":2197,"date":"2023-01-20T12:07:02","date_gmt":"2023-01-20T11:07:02","guid":{"rendered":"https:\/\/www.frauenprojekt.at\/testseite\/?post_type=product&#038;p=2197"},"modified":"2023-11-21T12:16:23","modified_gmt":"2023-11-21T11:16:23","slug":"besteckhuelle","status":"publish","type":"product","link":"https:\/\/www.frauenprojekt.at\/testseite\/product\/besteckhuelle\/","title":{"rendered":"Besteckh\u00fclle"},"content":{"rendered":"<p>Besteckh\u00fcllen f\u00fcr einen festlich gedeckten Tisch in vielen Designs vorr\u00e4tig.<\/p>\n<p>online reservierbar, Auswahl der Designs vor Ort im Gesch\u00e4ft m\u00f6glich.<\/p>\n","protected":false},"excerpt":{"rendered":"<p>waschbar in der Waschmaschine bei 30 Grad<\/p>\n","protected":false},"featured_media":2198,"comment_status":"closed","ping_status":"closed","template":"","meta":[],"product_brand":[],"product_cat":[53],"product_tag":[],"class_list":{"0":"post-2197","1":"product","2":"type-product","3":"status-publish","4":"has-post-thumbnail","6":"product_cat-schneiderei","8":"first","9":"instock","10":"taxable","11":"shipping-taxable","12":"purchasable","13":"product-type-simple"},"jetpack_sharing_enabled":true,"_links":{"self":[{"href":"https:\/\/www.frauenprojekt.at\/testseite\/wp-json\/wp\/v2\/product\/2197","targetHints":{"allow":["GET"]}}],"collection":[{"href":"https:\/\/www.frauenprojekt.at\/testseite\/wp-json\/wp\/v2\/product"}],"about":[{"href":"https:\/\/www.frauenprojekt.at\/testseite\/wp-json\/wp\/v2\/types\/product"}],"replies":[{"embeddable":true,"href":"https:\/\/www.frauenprojekt.at\/testseite\/wp-json\/wp\/v2\/comments?post=2197"}],"wp:featuredmedia":[{"embeddable":true,"href":"https:\/\/www.frauenprojekt.at\/testseite\/wp-json\/wp\/v2\/media\/2198"}],"wp:attachment":[{"href":"https:\/\/www.frauenprojekt.at\/testseite\/wp-json\/wp\/v2\/media?parent=2197"}],"wp:term":[{"taxonomy":"product_brand","embeddable":true,"href":"https:\/\/www.frauenprojekt.at\/testseite\/wp-json\/wp\/v2\/product_brand?post=2197"},{"taxonomy":"product_cat","embeddable":true,"href":"https:\/\/www.frauenprojekt.at\/testseite\/wp-json\/wp\/v2\/product_cat?post=2197"},{"taxonomy":"product_tag","embeddable":true,"href":"https:\/\/www.frauenprojekt.at\/testseite\/wp-json\/wp\/v2\/product_tag?post=2197"}],"curies":[{"name":"wp","href":"https:\/\/api.w.org\/{rel}","templated":true}]}}