{"id":333,"date":"2020-10-05T20:55:07","date_gmt":"2020-10-05T18:55:07","guid":{"rendered":"http:\/\/testseite.frauenprojekt.at\/?post_type=product&#038;p=333"},"modified":"2022-01-21T10:15:34","modified_gmt":"2022-01-21T09:15:34","slug":"apfel-zimt-fruchtaufstrich","status":"publish","type":"product","link":"https:\/\/www.frauenprojekt.at\/testseite\/product\/apfel-zimt-fruchtaufstrich\/","title":{"rendered":"Apfel-Zimt Fruchtaufstrich"},"content":{"rendered":"<p>Fruchtaufstrich aus \u00c4pfel, Zutaten: \u00c4pfel (50%), Zucker, Geliermittel: Pektin, S\u00e4uerungsmittel: Citronens\u00e4ure<\/p>\n","protected":false},"excerpt":{"rendered":"<p>Fruchtaufstrich aus \u00c4pfel und Zimt<\/p>\n","protected":false},"featured_media":598,"comment_status":"open","ping_status":"closed","template":"","meta":[],"product_brand":[],"product_cat":[41,31],"product_tag":[],"class_list":{"0":"post-333","1":"product","2":"type-product","3":"status-publish","4":"has-post-thumbnail","6":"product_cat-fruchtaufstriche","7":"product_cat-kulinarik","8":"pa_gebinde-110g-ml","9":"pa_gebinde-210g-ml","10":"pa_gebinde-50g-ml","12":"first","13":"instock","14":"purchasable","15":"product-type-variable","16":"has-default-attributes"},"jetpack_sharing_enabled":true,"_links":{"self":[{"href":"https:\/\/www.frauenprojekt.at\/testseite\/wp-json\/wp\/v2\/product\/333","targetHints":{"allow":["GET"]}}],"collection":[{"href":"https:\/\/www.frauenprojekt.at\/testseite\/wp-json\/wp\/v2\/product"}],"about":[{"href":"https:\/\/www.frauenprojekt.at\/testseite\/wp-json\/wp\/v2\/types\/product"}],"replies":[{"embeddable":true,"href":"https:\/\/www.frauenprojekt.at\/testseite\/wp-json\/wp\/v2\/comments?post=333"}],"wp:featuredmedia":[{"embeddable":true,"href":"https:\/\/www.frauenprojekt.at\/testseite\/wp-json\/wp\/v2\/media\/598"}],"wp:attachment":[{"href":"https:\/\/www.frauenprojekt.at\/testseite\/wp-json\/wp\/v2\/media?parent=333"}],"wp:term":[{"taxonomy":"product_brand","embeddable":true,"href":"https:\/\/www.frauenprojekt.at\/testseite\/wp-json\/wp\/v2\/product_brand?post=333"},{"taxonomy":"product_cat","embeddable":true,"href":"https:\/\/www.frauenprojekt.at\/testseite\/wp-json\/wp\/v2\/product_cat?post=333"},{"taxonomy":"product_tag","embeddable":true,"href":"https:\/\/www.frauenprojekt.at\/testseite\/wp-json\/wp\/v2\/product_tag?post=333"}],"curies":[{"name":"wp","href":"https:\/\/api.w.org\/{rel}","templated":true}]}}