{"id":411,"date":"2020-10-05T22:37:20","date_gmt":"2020-10-05T20:37:20","guid":{"rendered":"http:\/\/testseite.frauenprojekt.at\/?post_type=product&#038;p=411"},"modified":"2022-08-30T10:59:26","modified_gmt":"2022-08-30T08:59:26","slug":"honig-kren-senf","status":"publish","type":"product","link":"https:\/\/www.frauenprojekt.at\/testseite\/product\/honig-kren-senf\/","title":{"rendered":"Honig-Kren-Senf"},"content":{"rendered":"<p>Zutaten: <strong>Senfmehl<\/strong>, Wasser, Bl\u00fctenhonig, Apfelsaft, Tafelessig (Weinsteinessig, 5% S\u00e4ure, Farbstoff: Ammoniak-Zuckerkul\u00f6r), Balsamico (Weinessig, Traubenkonsentrat, Traubenmost, Anttioxidantienmittel: Schwefeldioxid,) Krenn, Vollsalz (Kaliumjdid, Trennmittel E 535) Zitrone, Knoblauch<\/p>\n","protected":false},"excerpt":{"rendered":"<p>Honig-Kren-Senf<\/p>\n","protected":false},"featured_media":478,"comment_status":"open","ping_status":"closed","template":"","meta":[],"product_brand":[],"product_cat":[31,43],"product_tag":[],"class_list":{"0":"post-411","1":"product","2":"type-product","3":"status-publish","4":"has-post-thumbnail","6":"product_cat-kulinarik","7":"product_cat-senfwelt","8":"pa_gebinde-110g-ml","9":"pa_gebinde-210g-ml","10":"pa_gebinde-50g-ml","12":"first","13":"instock","14":"purchasable","15":"product-type-variable","16":"has-default-attributes"},"jetpack_sharing_enabled":true,"_links":{"self":[{"href":"https:\/\/www.frauenprojekt.at\/testseite\/wp-json\/wp\/v2\/product\/411","targetHints":{"allow":["GET"]}}],"collection":[{"href":"https:\/\/www.frauenprojekt.at\/testseite\/wp-json\/wp\/v2\/product"}],"about":[{"href":"https:\/\/www.frauenprojekt.at\/testseite\/wp-json\/wp\/v2\/types\/product"}],"replies":[{"embeddable":true,"href":"https:\/\/www.frauenprojekt.at\/testseite\/wp-json\/wp\/v2\/comments?post=411"}],"wp:featuredmedia":[{"embeddable":true,"href":"https:\/\/www.frauenprojekt.at\/testseite\/wp-json\/wp\/v2\/media\/478"}],"wp:attachment":[{"href":"https:\/\/www.frauenprojekt.at\/testseite\/wp-json\/wp\/v2\/media?parent=411"}],"wp:term":[{"taxonomy":"product_brand","embeddable":true,"href":"https:\/\/www.frauenprojekt.at\/testseite\/wp-json\/wp\/v2\/product_brand?post=411"},{"taxonomy":"product_cat","embeddable":true,"href":"https:\/\/www.frauenprojekt.at\/testseite\/wp-json\/wp\/v2\/product_cat?post=411"},{"taxonomy":"product_tag","embeddable":true,"href":"https:\/\/www.frauenprojekt.at\/testseite\/wp-json\/wp\/v2\/product_tag?post=411"}],"curies":[{"name":"wp","href":"https:\/\/api.w.org\/{rel}","templated":true}]}}