{"id":414,"date":"2020-10-05T22:38:27","date_gmt":"2020-10-05T20:38:27","guid":{"rendered":"http:\/\/testseite.frauenprojekt.at\/?post_type=product&#038;p=414"},"modified":"2021-12-06T12:26:13","modified_gmt":"2021-12-06T11:26:13","slug":"wallnuss-senf","status":"publish","type":"product","link":"https:\/\/www.frauenprojekt.at\/testseite\/product\/wallnuss-senf\/","title":{"rendered":"Walnuss-Senf"},"content":{"rendered":"<p>Zutaten:\u00a0<strong>Senfmehl<\/strong>, Traubensaft, Wasser, Tafelessig (Weinnngeistessig Farrbstoff: Ammoniak Zuckerkul\u00f6r), brauner Zucker (Zuckerrohrsirup, Karamellsirup), Waln\u00fcsse, Vollsalz (kaliumjodid, Trennmittel E535) Walnuss\u00f6l<\/p>\n","protected":false},"excerpt":{"rendered":"<p>Wallnuss-Senf<\/p>\n","protected":false},"featured_media":475,"comment_status":"open","ping_status":"closed","template":"","meta":[],"product_brand":[],"product_cat":[31,43],"product_tag":[],"class_list":{"0":"post-414","1":"product","2":"type-product","3":"status-publish","4":"has-post-thumbnail","6":"product_cat-kulinarik","7":"product_cat-senfwelt","8":"pa_gebinde-110g-ml","9":"pa_gebinde-210g-ml","10":"pa_gebinde-50g-ml","12":"first","13":"instock","14":"purchasable","15":"product-type-variable","16":"has-default-attributes"},"jetpack_sharing_enabled":true,"_links":{"self":[{"href":"https:\/\/www.frauenprojekt.at\/testseite\/wp-json\/wp\/v2\/product\/414","targetHints":{"allow":["GET"]}}],"collection":[{"href":"https:\/\/www.frauenprojekt.at\/testseite\/wp-json\/wp\/v2\/product"}],"about":[{"href":"https:\/\/www.frauenprojekt.at\/testseite\/wp-json\/wp\/v2\/types\/product"}],"replies":[{"embeddable":true,"href":"https:\/\/www.frauenprojekt.at\/testseite\/wp-json\/wp\/v2\/comments?post=414"}],"wp:featuredmedia":[{"embeddable":true,"href":"https:\/\/www.frauenprojekt.at\/testseite\/wp-json\/wp\/v2\/media\/475"}],"wp:attachment":[{"href":"https:\/\/www.frauenprojekt.at\/testseite\/wp-json\/wp\/v2\/media?parent=414"}],"wp:term":[{"taxonomy":"product_brand","embeddable":true,"href":"https:\/\/www.frauenprojekt.at\/testseite\/wp-json\/wp\/v2\/product_brand?post=414"},{"taxonomy":"product_cat","embeddable":true,"href":"https:\/\/www.frauenprojekt.at\/testseite\/wp-json\/wp\/v2\/product_cat?post=414"},{"taxonomy":"product_tag","embeddable":true,"href":"https:\/\/www.frauenprojekt.at\/testseite\/wp-json\/wp\/v2\/product_tag?post=414"}],"curies":[{"name":"wp","href":"https:\/\/api.w.org\/{rel}","templated":true}]}}