{"id":417,"date":"2020-10-05T22:39:19","date_gmt":"2020-10-05T20:39:19","guid":{"rendered":"http:\/\/testseite.frauenprojekt.at\/?post_type=product&#038;p=417"},"modified":"2022-08-30T11:10:57","modified_gmt":"2022-08-30T09:10:57","slug":"zwiebel-curry-senf","status":"publish","type":"product","link":"https:\/\/www.frauenprojekt.at\/testseite\/product\/zwiebel-curry-senf\/","title":{"rendered":"Zwiebel-Curry-Senf"},"content":{"rendered":"<p>Zutaten:\u00a0<strong>Senfmehl<\/strong>, Wasser, Apfelsaft, Zwiebel, \u00c4pfel, Ananas, Apfelessig (5% S\u00e4ure), Ananassaft, Salz (Vollssalz, Kaliumjodid), Curry (Curcuma, Koriander, Bockshornklee, Ingwer, Mutterk\u00fcmmel, Speisesalz jodiert, Meisst\u00e4rke, Cayennepfeffer), brauner Zucker, Kurkuma Ingwerpulver<\/p>\n","protected":false},"excerpt":{"rendered":"<p>Zwiebel-Curry-Senf<\/p>\n","protected":false},"featured_media":643,"comment_status":"open","ping_status":"closed","template":"","meta":[],"product_brand":[],"product_cat":[31,43],"product_tag":[],"class_list":{"0":"post-417","1":"product","2":"type-product","3":"status-publish","4":"has-post-thumbnail","6":"product_cat-kulinarik","7":"product_cat-senfwelt","8":"pa_gebinde-110g-ml","9":"pa_gebinde-50g-ml","11":"first","12":"instock","13":"purchasable","14":"product-type-variable"},"jetpack_sharing_enabled":true,"_links":{"self":[{"href":"https:\/\/www.frauenprojekt.at\/testseite\/wp-json\/wp\/v2\/product\/417","targetHints":{"allow":["GET"]}}],"collection":[{"href":"https:\/\/www.frauenprojekt.at\/testseite\/wp-json\/wp\/v2\/product"}],"about":[{"href":"https:\/\/www.frauenprojekt.at\/testseite\/wp-json\/wp\/v2\/types\/product"}],"replies":[{"embeddable":true,"href":"https:\/\/www.frauenprojekt.at\/testseite\/wp-json\/wp\/v2\/comments?post=417"}],"wp:featuredmedia":[{"embeddable":true,"href":"https:\/\/www.frauenprojekt.at\/testseite\/wp-json\/wp\/v2\/media\/643"}],"wp:attachment":[{"href":"https:\/\/www.frauenprojekt.at\/testseite\/wp-json\/wp\/v2\/media?parent=417"}],"wp:term":[{"taxonomy":"product_brand","embeddable":true,"href":"https:\/\/www.frauenprojekt.at\/testseite\/wp-json\/wp\/v2\/product_brand?post=417"},{"taxonomy":"product_cat","embeddable":true,"href":"https:\/\/www.frauenprojekt.at\/testseite\/wp-json\/wp\/v2\/product_cat?post=417"},{"taxonomy":"product_tag","embeddable":true,"href":"https:\/\/www.frauenprojekt.at\/testseite\/wp-json\/wp\/v2\/product_tag?post=417"}],"curies":[{"name":"wp","href":"https:\/\/api.w.org\/{rel}","templated":true}]}}