{"id":535,"date":"2021-05-10T10:37:05","date_gmt":"2021-05-10T08:37:05","guid":{"rendered":"http:\/\/testseite.frauenprojekt.at\/?post_type=product&#038;p=535"},"modified":"2022-01-21T10:06:43","modified_gmt":"2022-01-21T09:06:43","slug":"apfel-fruchtaufstrich-2","status":"publish","type":"product","link":"https:\/\/www.frauenprojekt.at\/testseite\/product\/apfel-fruchtaufstrich-2\/","title":{"rendered":"Apfel-Fruchtaufstrich"},"content":{"rendered":"<p>\u00c4pfel (50%), Zucker (Geliermittel: Pektin, S\u00e4uerungsmittel: Citronens\u00e4ure)<\/p>\n","protected":false},"excerpt":{"rendered":"<p>Fruchtaufstrich aus frisch geernteten \u00c4pfeln<\/p>\n","protected":false},"featured_media":590,"comment_status":"open","ping_status":"closed","template":"","meta":[],"product_brand":[],"product_cat":[41,31],"product_tag":[],"class_list":{"0":"post-535","1":"product","2":"type-product","3":"status-publish","4":"has-post-thumbnail","6":"product_cat-fruchtaufstriche","7":"product_cat-kulinarik","8":"pa_gebinde-210g-ml","9":"pa_gebinde-50g-ml","11":"first","12":"instock","13":"purchasable","14":"product-type-variable"},"jetpack_sharing_enabled":true,"_links":{"self":[{"href":"https:\/\/www.frauenprojekt.at\/testseite\/wp-json\/wp\/v2\/product\/535","targetHints":{"allow":["GET"]}}],"collection":[{"href":"https:\/\/www.frauenprojekt.at\/testseite\/wp-json\/wp\/v2\/product"}],"about":[{"href":"https:\/\/www.frauenprojekt.at\/testseite\/wp-json\/wp\/v2\/types\/product"}],"replies":[{"embeddable":true,"href":"https:\/\/www.frauenprojekt.at\/testseite\/wp-json\/wp\/v2\/comments?post=535"}],"wp:featuredmedia":[{"embeddable":true,"href":"https:\/\/www.frauenprojekt.at\/testseite\/wp-json\/wp\/v2\/media\/590"}],"wp:attachment":[{"href":"https:\/\/www.frauenprojekt.at\/testseite\/wp-json\/wp\/v2\/media?parent=535"}],"wp:term":[{"taxonomy":"product_brand","embeddable":true,"href":"https:\/\/www.frauenprojekt.at\/testseite\/wp-json\/wp\/v2\/product_brand?post=535"},{"taxonomy":"product_cat","embeddable":true,"href":"https:\/\/www.frauenprojekt.at\/testseite\/wp-json\/wp\/v2\/product_cat?post=535"},{"taxonomy":"product_tag","embeddable":true,"href":"https:\/\/www.frauenprojekt.at\/testseite\/wp-json\/wp\/v2\/product_tag?post=535"}],"curies":[{"name":"wp","href":"https:\/\/api.w.org\/{rel}","templated":true}]}}