{"id":684,"date":"2021-08-06T10:14:32","date_gmt":"2021-08-06T08:14:32","guid":{"rendered":"http:\/\/testseite.frauenprojekt.at\/?post_type=product&#038;p=684"},"modified":"2021-12-06T12:32:51","modified_gmt":"2021-12-06T11:32:51","slug":"fruchtgummi-zwetschke","status":"publish","type":"product","link":"https:\/\/www.frauenprojekt.at\/testseite\/product\/fruchtgummi-zwetschke\/","title":{"rendered":"Fruchtgummi Zwetschke"},"content":{"rendered":"<p>Zutaten: 64% Zwetschke, Zucker, Zitronensaft, Vanille<\/p>\n","protected":false},"excerpt":{"rendered":"<p>S\u00fc\u00dfigkeit f\u00fcr Gro\u00df und Klein<\/p>\n","protected":false},"featured_media":686,"comment_status":"closed","ping_status":"closed","template":"","meta":[],"product_brand":[],"product_cat":[31,59],"product_tag":[],"class_list":{"0":"post-684","1":"product","2":"type-product","3":"status-publish","4":"has-post-thumbnail","6":"product_cat-kulinarik","7":"product_cat-suesses-eck","8":"pa_gebinde-50g-ml","10":"first","11":"instock","12":"purchasable","13":"product-type-simple"},"jetpack_sharing_enabled":true,"_links":{"self":[{"href":"https:\/\/www.frauenprojekt.at\/testseite\/wp-json\/wp\/v2\/product\/684","targetHints":{"allow":["GET"]}}],"collection":[{"href":"https:\/\/www.frauenprojekt.at\/testseite\/wp-json\/wp\/v2\/product"}],"about":[{"href":"https:\/\/www.frauenprojekt.at\/testseite\/wp-json\/wp\/v2\/types\/product"}],"replies":[{"embeddable":true,"href":"https:\/\/www.frauenprojekt.at\/testseite\/wp-json\/wp\/v2\/comments?post=684"}],"wp:featuredmedia":[{"embeddable":true,"href":"https:\/\/www.frauenprojekt.at\/testseite\/wp-json\/wp\/v2\/media\/686"}],"wp:attachment":[{"href":"https:\/\/www.frauenprojekt.at\/testseite\/wp-json\/wp\/v2\/media?parent=684"}],"wp:term":[{"taxonomy":"product_brand","embeddable":true,"href":"https:\/\/www.frauenprojekt.at\/testseite\/wp-json\/wp\/v2\/product_brand?post=684"},{"taxonomy":"product_cat","embeddable":true,"href":"https:\/\/www.frauenprojekt.at\/testseite\/wp-json\/wp\/v2\/product_cat?post=684"},{"taxonomy":"product_tag","embeddable":true,"href":"https:\/\/www.frauenprojekt.at\/testseite\/wp-json\/wp\/v2\/product_tag?post=684"}],"curies":[{"name":"wp","href":"https:\/\/api.w.org\/{rel}","templated":true}]}}